{"id":14,"date":"2019-09-07T20:56:48","date_gmt":"2019-09-07T20:56:48","guid":{"rendered":"https:\/\/www.fd.uc.pt\/~apsilva\/josebranco\/?page_id=14"},"modified":"2023-02-21T17:07:00","modified_gmt":"2023-02-21T17:07:00","slug":"videos","status":"publish","type":"page","link":"https:\/\/josebrancofado.pt\/index.php\/videos\/","title":{"rendered":"V\u00eddeos"},"content":{"rendered":"<div id=\"pl-gb14-69e73b15ef812\"  class=\"panel-layout\" ><div id=\"pg-gb14-69e73b15ef812-0\"  class=\"panel-grid panel-no-style\" ><div id=\"pgc-gb14-69e73b15ef812-0-0\"  class=\"panel-grid-cell\" ><div id=\"panel-gb14-69e73b15ef812-0-0-0\" class=\"so-panel widget widget_themegrill_suffice_title tg-title-container panel-first-child\" data-index=\"0\" ><div class=\"title title-ribbon title-left\">\n\t<h3 class=\"title-title\" style=background-color:#dd9933;>Galeria de V\u00eddeos<\/h3>\n\n\t\n\t\n\t<\/div>\n<\/div><div id=\"panel-gb14-69e73b15ef812-0-0-1\" class=\"so-panel widget widget_text panel-last-child\" data-index=\"1\" >\t\t\t<div class=\"textwidget\"><p>A maioria dos v\u00eddeos aqui partilhados foram recolhidos em espect\u00e1culos ao vivo e gentilmente cedidos pelo p\u00fablico. Desta forma, s\u00e3o v\u00eddeos amadores, n\u00e3o editados, e com limita\u00e7\u00f5es ac\u00fasticas.<\/p>\n<p>Obrigado pela vossa compreens\u00e3o<\/p>\n<\/div>\n\t\t<\/div><\/div><\/div><div id=\"pg-gb14-69e73b15ef812-1\"  class=\"panel-grid panel-no-style\" ><div id=\"pgc-gb14-69e73b15ef812-1-0\"  class=\"panel-grid-cell\" ><div id=\"panel-gb14-69e73b15ef812-1-0-0\" class=\"so-panel widget widget_media_video panel-first-child panel-last-child\" data-index=\"2\" ><div class=\"wow zoomIn panel-widget-style panel-widget-style-for-gb14-69e73b15ef812-1-0-0\" data-wow-offset=\"10\" data-wow-iteration=\"1\" ><h3 class=\"widget-title\">Balada da Despedida do 5.\u00ba Ano Jur\u00eddico 88\/89<\/h3><div style=\"width:100%;\" class=\"wp-video\"><!--[if lt IE 9]><script>document.createElement('video');<\/script><![endif]-->\n<video class=\"wp-video-shortcode\" id=\"video-14-1\" preload=\"metadata\" controls=\"controls\"><source type=\"video\/youtube\" src=\"https:\/\/www.youtube.com\/watch?v=QFWjy5aBsvo&#038;_=1\" \/><a href=\"https:\/\/www.youtube.com\/watch?v=QFWjy5aBsvo\">https:\/\/www.youtube.com\/watch?v=QFWjy5aBsvo<\/a><\/video><\/div><\/div><\/div><\/div><\/div><div id=\"pg-gb14-69e73b15ef812-2\"  class=\"panel-grid panel-no-style\" ><div id=\"pgc-gb14-69e73b15ef812-2-0\"  class=\"panel-grid-cell\" ><div id=\"panel-gb14-69e73b15ef812-2-0-0\" class=\"so-panel widget widget_media_video panel-first-child panel-last-child\" data-index=\"3\" ><div class=\"wow fadeInUp panel-widget-style panel-widget-style-for-gb14-69e73b15ef812-2-0-0\" data-wow-offset=\"10\" data-wow-iteration=\"1\" ><h3 class=\"widget-title\">Pardalitos do Mondego &#8211; Asas do Amor<\/h3><div style=\"width:100%;\" class=\"wp-video\"><video class=\"wp-video-shortcode\" id=\"video-14-2\" preload=\"metadata\" controls=\"controls\"><source type=\"video\/youtube\" src=\"https:\/\/www.youtube.com\/watch?v=zWCqvT_ZMic&#038;_=2\" \/><a href=\"https:\/\/www.youtube.com\/watch?v=zWCqvT_ZMic\">https:\/\/www.youtube.com\/watch?v=zWCqvT_ZMic<\/a><\/video><\/div><\/div><\/div><\/div><div id=\"pgc-gb14-69e73b15ef812-2-1\"  class=\"panel-grid-cell\" ><div id=\"panel-gb14-69e73b15ef812-2-1-0\" class=\"so-panel widget widget_media_video panel-first-child panel-last-child\" data-index=\"4\" ><div class=\"wow fadeInUp panel-widget-style panel-widget-style-for-gb14-69e73b15ef812-2-1-0\" data-wow-offset=\"10\" data-wow-iteration=\"1\" ><h3 class=\"widget-title\">Pardalitos do Mondego &#8211; Mar portugu\u00eas<\/h3><div style=\"width:100%;\" class=\"wp-video\"><video class=\"wp-video-shortcode\" id=\"video-14-3\" preload=\"metadata\" controls=\"controls\"><source type=\"video\/youtube\" src=\"https:\/\/www.youtube.com\/watch?v=pYmdcBdJhts&#038;_=3\" \/><a href=\"https:\/\/www.youtube.com\/watch?v=pYmdcBdJhts\">https:\/\/www.youtube.com\/watch?v=pYmdcBdJhts<\/a><\/video><\/div><\/div><\/div><\/div><\/div><div id=\"pg-gb14-69e73b15ef812-3\"  class=\"panel-grid panel-no-style\" ><div id=\"pgc-gb14-69e73b15ef812-3-0\"  class=\"panel-grid-cell\" ><div id=\"panel-gb14-69e73b15ef812-3-0-0\" class=\"so-panel widget widget_media_video panel-first-child panel-last-child\" data-index=\"5\" ><div class=\"wow fadeInLeft panel-widget-style panel-widget-style-for-gb14-69e73b15ef812-3-0-0\" data-wow-offset=\"10\" data-wow-iteration=\"1\" ><h3 class=\"widget-title\">Pardalitos do Mondego &#8211; Recome\u00e7a<\/h3><div style=\"width:100%;\" class=\"wp-video\"><video class=\"wp-video-shortcode\" id=\"video-14-4\" preload=\"metadata\" controls=\"controls\"><source type=\"video\/youtube\" src=\"https:\/\/www.youtube.com\/watch?v=WOdCLiVpiHA&#038;_=4\" \/><a href=\"https:\/\/www.youtube.com\/watch?v=WOdCLiVpiHA\">https:\/\/www.youtube.com\/watch?v=WOdCLiVpiHA<\/a><\/video><\/div><\/div><\/div><\/div><div id=\"pgc-gb14-69e73b15ef812-3-1\"  class=\"panel-grid-cell\" ><div id=\"panel-gb14-69e73b15ef812-3-1-0\" class=\"so-panel widget widget_media_video panel-first-child panel-last-child\" data-index=\"6\" ><div class=\"wow fadeInRight panel-widget-style panel-widget-style-for-gb14-69e73b15ef812-3-1-0\" data-wow-offset=\"10\" data-wow-iteration=\"1\" ><h3 class=\"widget-title\">Pardalitos do Mondego &#8211; E alegre se fez triste<\/h3><div style=\"width:100%;\" class=\"wp-video\"><video class=\"wp-video-shortcode\" id=\"video-14-5\" preload=\"metadata\" controls=\"controls\"><source type=\"video\/youtube\" src=\"https:\/\/www.youtube.com\/watch?v=UoRopEulJ5E&#038;_=5\" \/><a href=\"https:\/\/www.youtube.com\/watch?v=UoRopEulJ5E\">https:\/\/www.youtube.com\/watch?v=UoRopEulJ5E<\/a><\/video><\/div><\/div><\/div><\/div><\/div><div id=\"pg-gb14-69e73b15ef812-4\"  class=\"panel-grid panel-no-style\" ><div id=\"pgc-gb14-69e73b15ef812-4-0\"  class=\"panel-grid-cell\" ><div id=\"panel-gb14-69e73b15ef812-4-0-0\" class=\"so-panel widget widget_media_video panel-first-child panel-last-child\" data-index=\"7\" ><div class=\"wow fadeInUp panel-widget-style panel-widget-style-for-gb14-69e73b15ef812-4-0-0\" data-wow-offset=\"10\" data-wow-iteration=\"1\" ><h3 class=\"widget-title\">Pardalitos do Mondego &#8211; Minha m\u00e3e<\/h3><div style=\"width:100%;\" class=\"wp-video\"><video class=\"wp-video-shortcode\" id=\"video-14-6\" preload=\"metadata\" controls=\"controls\"><source type=\"video\/youtube\" src=\"https:\/\/www.youtube.com\/watch?v=47WO8-KnSZ4&#038;_=6\" \/><a href=\"https:\/\/www.youtube.com\/watch?v=47WO8-KnSZ4\">https:\/\/www.youtube.com\/watch?v=47WO8-KnSZ4<\/a><\/video><\/div><\/div><\/div><\/div><div id=\"pgc-gb14-69e73b15ef812-4-1\"  class=\"panel-grid-cell\" ><div id=\"panel-gb14-69e73b15ef812-4-1-0\" class=\"so-panel widget widget_media_video panel-first-child panel-last-child\" data-index=\"8\" ><div class=\"wow fadeInLeft panel-widget-style panel-widget-style-for-gb14-69e73b15ef812-4-1-0\" data-wow-offset=\"10\" data-wow-iteration=\"1\" ><h3 class=\"widget-title\">A morte saiu \u00e0 rua \u00b7 Pardalitos do Mondego<\/h3><div style=\"width:100%;\" class=\"wp-video\"><video class=\"wp-video-shortcode\" id=\"video-14-7\" preload=\"metadata\" controls=\"controls\"><source type=\"video\/youtube\" src=\"https:\/\/www.youtube.com\/watch?v=0wMI4mJWJU8&#038;_=7\" \/><a href=\"https:\/\/www.youtube.com\/watch?v=0wMI4mJWJU8\">https:\/\/www.youtube.com\/watch?v=0wMI4mJWJU8<\/a><\/video><\/div><\/div><\/div><\/div><\/div><div id=\"pg-gb14-69e73b15ef812-5\"  class=\"panel-grid panel-no-style\" ><div id=\"pgc-gb14-69e73b15ef812-5-0\"  class=\"panel-grid-cell\" ><div id=\"panel-gb14-69e73b15ef812-5-0-0\" class=\"so-panel widget widget_media_video panel-first-child panel-last-child\" data-index=\"9\" ><div class=\"wow fadeInLeft panel-widget-style panel-widget-style-for-gb14-69e73b15ef812-5-0-0\" data-wow-offset=\"10\" data-wow-iteration=\"1\" ><h3 class=\"widget-title\">Triunviriato &#8211; Gala de Pr\u00e9mios Animarte 2017<\/h3><div style=\"width:100%;\" class=\"wp-video\"><video class=\"wp-video-shortcode\" id=\"video-14-8\" preload=\"metadata\" controls=\"controls\"><source type=\"video\/youtube\" src=\"https:\/\/www.youtube.com\/watch?v=dcigTNDZkS0&#038;_=8\" \/><a href=\"https:\/\/www.youtube.com\/watch?v=dcigTNDZkS0\">https:\/\/www.youtube.com\/watch?v=dcigTNDZkS0<\/a><\/video><\/div><\/div><\/div><\/div><div id=\"pgc-gb14-69e73b15ef812-5-1\"  class=\"panel-grid-cell\" ><div id=\"panel-gb14-69e73b15ef812-5-1-0\" class=\"so-panel widget widget_media_video panel-first-child panel-last-child\" data-index=\"10\" ><div class=\"wow fadeInLeft panel-widget-style panel-widget-style-for-gb14-69e73b15ef812-5-1-0\" data-wow-offset=\"10\" data-wow-iteration=\"1\" ><h3 class=\"widget-title\">Minha m\u00e3e \u00b7 Pardalitos do Mondego<\/h3><div style=\"width:100%;\" class=\"wp-video\"><video class=\"wp-video-shortcode\" id=\"video-14-9\" preload=\"metadata\" controls=\"controls\"><source type=\"video\/youtube\" src=\"https:\/\/www.youtube.com\/watch?v=PKTv8sdtaCs&#038;_=9\" \/><a href=\"https:\/\/www.youtube.com\/watch?v=PKTv8sdtaCs\">https:\/\/www.youtube.com\/watch?v=PKTv8sdtaCs<\/a><\/video><\/div><\/div><\/div><\/div><\/div><div id=\"pg-gb14-69e73b15ef812-6\"  class=\"panel-grid panel-no-style\" ><div id=\"pgc-gb14-69e73b15ef812-6-0\"  class=\"panel-grid-cell\" ><div id=\"panel-gb14-69e73b15ef812-6-0-0\" class=\"so-panel widget widget_media_video panel-first-child panel-last-child\" data-index=\"11\" ><div class=\"wow fadeInDown panel-widget-style panel-widget-style-for-gb14-69e73b15ef812-6-0-0\" data-wow-offset=\"10\" data-wow-iteration=\"1\" ><h3 class=\"widget-title\">Porto Canal<\/h3><div style=\"width:100%;\" class=\"wp-video\"><video class=\"wp-video-shortcode\" id=\"video-14-10\" preload=\"metadata\" controls=\"controls\"><source type=\"video\/mp4\" src=\"https:\/\/josebrancofado.pt\/wp-content\/uploads\/2019\/09\/Jos\u00e9-Rui-Branco.mp4?_=10\" \/><source type=\"video\/mp4\" src=\"https:\/\/www.fd.uc.pt\/~apsilva\/josebranco\/wp-content\/uploads\/2019\/09\/Jos\u00e9-Rui-Branco.mp4?_=10\" \/><a href=\"https:\/\/josebrancofado.pt\/wp-content\/uploads\/2019\/09\/Jos\u00e9-Rui-Branco.mp4\">https:\/\/josebrancofado.pt\/wp-content\/uploads\/2019\/09\/Jos\u00e9-Rui-Branco.mp4<\/a><\/video><\/div><\/div><\/div><\/div><div id=\"pgc-gb14-69e73b15ef812-6-1\"  class=\"panel-grid-cell\" ><div id=\"panel-gb14-69e73b15ef812-6-1-0\" class=\"so-panel widget widget_media_video panel-first-child panel-last-child\" data-index=\"12\" ><div class=\"wow fadeInLeft panel-widget-style panel-widget-style-for-gb14-69e73b15ef812-6-1-0\" data-wow-offset=\"10\" data-wow-iteration=\"1\" ><h3 class=\"widget-title\">Para que quero eu olhos \u00b7 Pardalitos do Mondego<\/h3><div style=\"width:100%;\" class=\"wp-video\"><video class=\"wp-video-shortcode\" id=\"video-14-11\" preload=\"metadata\" controls=\"controls\"><source type=\"video\/youtube\" src=\"https:\/\/www.youtube.com\/watch?v=zGJMAu8TbCE&#038;_=11\" \/><a href=\"https:\/\/www.youtube.com\/watch?v=zGJMAu8TbCE\">https:\/\/www.youtube.com\/watch?v=zGJMAu8TbCE<\/a><\/video><\/div><\/div><\/div><\/div><\/div><div id=\"pg-gb14-69e73b15ef812-7\"  class=\"panel-grid panel-no-style\" ><div id=\"pgc-gb14-69e73b15ef812-7-0\"  class=\"panel-grid-cell\" ><div id=\"panel-gb14-69e73b15ef812-7-0-0\" class=\"so-panel widget widget_media_video panel-first-child panel-last-child\" data-index=\"13\" ><div class=\"wow fadeInRight panel-widget-style panel-widget-style-for-gb14-69e73b15ef812-7-0-0\" data-wow-offset=\"10\" data-wow-iteration=\"1\" ><h3 class=\"widget-title\">Noite de M\u00fasica em Coimbra com o grupo Fado ao Centro<\/h3><div style=\"width:100%;\" class=\"wp-video\"><video class=\"wp-video-shortcode\" id=\"video-14-12\" preload=\"metadata\" controls=\"controls\"><source type=\"video\/youtube\" src=\"https:\/\/www.youtube.com\/watch?v=Nn5mVifc2y0&#038;_=12\" \/><a href=\"https:\/\/www.youtube.com\/watch?v=Nn5mVifc2y0\">https:\/\/www.youtube.com\/watch?v=Nn5mVifc2y0<\/a><\/video><\/div><\/div><\/div><\/div><div id=\"pgc-gb14-69e73b15ef812-7-1\"  class=\"panel-grid-cell\" ><div id=\"panel-gb14-69e73b15ef812-7-1-0\" class=\"so-panel widget widget_media_video panel-first-child panel-last-child\" data-index=\"14\" ><div class=\"wow fadeInLeft panel-widget-style panel-widget-style-for-gb14-69e73b15ef812-7-1-0\" data-wow-offset=\"10\" data-wow-iteration=\"1\" ><h3 class=\"widget-title\">Saudades de Coimbra \u00b7 Fado ao Centro<\/h3><div style=\"width:100%;\" class=\"wp-video\"><video class=\"wp-video-shortcode\" id=\"video-14-13\" preload=\"metadata\" controls=\"controls\"><source type=\"video\/youtube\" src=\"https:\/\/www.youtube.com\/watch?v=wVxrO0HPzpo&#038;_=13\" \/><a href=\"https:\/\/www.youtube.com\/watch?v=wVxrO0HPzpo\">https:\/\/www.youtube.com\/watch?v=wVxrO0HPzpo<\/a><\/video><\/div><\/div><\/div><\/div><\/div><div id=\"pg-gb14-69e73b15ef812-8\"  class=\"panel-grid panel-no-style\" ><div id=\"pgc-gb14-69e73b15ef812-8-0\"  class=\"panel-grid-cell\" ><div id=\"panel-gb14-69e73b15ef812-8-0-0\" class=\"so-panel widget widget_themegrill_suffice_title tg-title-container panel-first-child panel-last-child\" data-index=\"15\" ><div class=\"title title-ribbon title-left\">\n\t<h3 class=\"title-title\" style=background-color:#dd9933;>Galeria de M\u00fasicas<\/h3>\n\n\t\n\t\n\t<\/div>\n<\/div><\/div><\/div><div id=\"pg-gb14-69e73b15ef812-9\"  class=\"panel-grid panel-no-style\" ><div id=\"pgc-gb14-69e73b15ef812-9-0\"  class=\"panel-grid-cell\" ><div id=\"panel-gb14-69e73b15ef812-9-0-0\" class=\"so-panel widget widget_media_image panel-first-child panel-last-child\" data-index=\"16\" ><img loading=\"lazy\" decoding=\"async\" width=\"300\" height=\"298\" src=\"https:\/\/josebrancofado.pt\/wp-content\/uploads\/2019\/10\/PM-300x298.jpg\" class=\"image wp-image-510  attachment-medium size-medium\" alt=\"\" style=\"max-width: 100%; height: auto;\" srcset=\"https:\/\/josebrancofado.pt\/wp-content\/uploads\/2019\/10\/PM-300x298.jpg 300w, https:\/\/josebrancofado.pt\/wp-content\/uploads\/2019\/10\/PM-150x150.jpg 150w, https:\/\/josebrancofado.pt\/wp-content\/uploads\/2019\/10\/PM.jpg 395w\" sizes=\"(max-width: 300px) 100vw, 300px\" \/><\/div><\/div><div id=\"pgc-gb14-69e73b15ef812-9-1\"  class=\"panel-grid-cell\" ><div id=\"panel-gb14-69e73b15ef812-9-1-0\" class=\"so-panel widget widget_ink-audio panel-first-child panel-last-child\" data-index=\"17\" ><div\n\t\t\t\n\t\t\tclass=\"so-widget-ink-audio so-widget-ink-audio-audio-60a043cebe5f-14\"\n\t\t\t\n\t\t><div class=\"iw-so-audio\">\n\n\t\n\t\t<div class=\"iw-so-audio-hosted\" style=\"background-image: url( '' )\">\n\n\t\t\t<div class=\"iw-so-audio-file iw-so-player-dark\">\n\n\t\t\t\t<h4 class=\"iw-so-audio-title iw-text-left\">Minha m\u00e3e<\/h4>\n\n\t\t\t\t\n\t\t\t\t\t<p class=\"iw-so-audio-meta iw-text-left\">\n\t\t\t\t\t\t\t\t\t\t\t\t\t<span class=\"iw-so-audio-artist\">Pardalitos do Mondego<\/span>\n\t\t\t\t\t\t\t\t\t\t\t\t\t\t\t\t\t\t\t<span class=\"iw-so-audio-album\"> &#8211; Baladas para voz<\/span>\n\t\t\t\t\t\t\t\t\t\t\t<\/p>\n\n\t\t\t\t\n\t\t\t\t\t\t\t\t\t<!--[if lt IE 9]><script>document.createElement('audio');<\/script><![endif]-->\n<audio class=\"wp-audio-shortcode\" id=\"audio-14-1\" preload=\"none\" style=\"width: 100%;\" controls=\"controls\"><source type=\"audio\/mpeg\" src=\"https:\/\/josebrancofado.pt\/wp-content\/uploads\/2019\/10\/02-Faixa-2.mp3?_=1\" \/><a href=\"https:\/\/josebrancofado.pt\/wp-content\/uploads\/2019\/10\/02-Faixa-2.mp3\">https:\/\/josebrancofado.pt\/wp-content\/uploads\/2019\/10\/02-Faixa-2.mp3<\/a><\/audio>\t\t\t\t\n\t\t\t<\/div>\n\n\t\t<\/div>\n\n\t\n<\/div>\n<\/div><\/div><\/div><\/div><div id=\"pg-gb14-69e73b15ef812-10\"  class=\"panel-grid panel-no-style\" ><div id=\"pgc-gb14-69e73b15ef812-10-0\"  class=\"panel-grid-cell\" ><div id=\"panel-gb14-69e73b15ef812-10-0-0\" class=\"so-panel widget widget_media_image panel-first-child panel-last-child\" data-index=\"18\" ><img loading=\"lazy\" decoding=\"async\" width=\"300\" height=\"298\" src=\"https:\/\/josebrancofado.pt\/wp-content\/uploads\/2019\/10\/PM-300x298.jpg\" class=\"image wp-image-510  attachment-medium size-medium\" alt=\"\" style=\"max-width: 100%; height: auto;\" srcset=\"https:\/\/josebrancofado.pt\/wp-content\/uploads\/2019\/10\/PM-300x298.jpg 300w, https:\/\/josebrancofado.pt\/wp-content\/uploads\/2019\/10\/PM-150x150.jpg 150w, https:\/\/josebrancofado.pt\/wp-content\/uploads\/2019\/10\/PM.jpg 395w\" sizes=\"(max-width: 300px) 100vw, 300px\" \/><\/div><\/div><div id=\"pgc-gb14-69e73b15ef812-10-1\"  class=\"panel-grid-cell\" ><div id=\"panel-gb14-69e73b15ef812-10-1-0\" class=\"so-panel widget widget_ink-audio panel-first-child panel-last-child\" data-index=\"19\" ><div\n\t\t\t\n\t\t\tclass=\"so-widget-ink-audio so-widget-ink-audio-audio-60a043cebe5f-14\"\n\t\t\t\n\t\t><div class=\"iw-so-audio\">\n\n\t\n\t\t<div class=\"iw-so-audio-hosted\" style=\"background-image: url( '' )\">\n\n\t\t\t<div class=\"iw-so-audio-file iw-so-player-dark\">\n\n\t\t\t\t<h4 class=\"iw-so-audio-title iw-text-left\">Viagem de acaso<\/h4>\n\n\t\t\t\t\n\t\t\t\t\t<p class=\"iw-so-audio-meta iw-text-left\">\n\t\t\t\t\t\t\t\t\t\t\t\t\t<span class=\"iw-so-audio-artist\">Pardalitos do Mondego<\/span>\n\t\t\t\t\t\t\t\t\t\t\t\t\t\t\t\t\t\t\t<span class=\"iw-so-audio-album\"> &#8211; Baladas para voz<\/span>\n\t\t\t\t\t\t\t\t\t\t\t<\/p>\n\n\t\t\t\t\n\t\t\t\t\t\t\t\t\t<audio class=\"wp-audio-shortcode\" id=\"audio-14-2\" preload=\"none\" style=\"width: 100%;\" controls=\"controls\"><source type=\"audio\/mpeg\" src=\"https:\/\/josebrancofado.pt\/wp-content\/uploads\/2019\/10\/05-Faixa-5.mp3?_=2\" \/><a href=\"https:\/\/josebrancofado.pt\/wp-content\/uploads\/2019\/10\/05-Faixa-5.mp3\">https:\/\/josebrancofado.pt\/wp-content\/uploads\/2019\/10\/05-Faixa-5.mp3<\/a><\/audio>\t\t\t\t\n\t\t\t<\/div>\n\n\t\t<\/div>\n\n\t\n<\/div>\n<\/div><\/div><\/div><\/div><div id=\"pg-gb14-69e73b15ef812-11\"  class=\"panel-grid panel-no-style\" ><div id=\"pgc-gb14-69e73b15ef812-11-0\"  class=\"panel-grid-cell\" ><div id=\"panel-gb14-69e73b15ef812-11-0-0\" class=\"so-panel widget widget_media_image panel-first-child panel-last-child\" data-index=\"20\" ><img loading=\"lazy\" decoding=\"async\" width=\"300\" height=\"298\" src=\"https:\/\/josebrancofado.pt\/wp-content\/uploads\/2019\/10\/PM-300x298.jpg\" class=\"image wp-image-510  attachment-medium size-medium\" alt=\"\" style=\"max-width: 100%; height: auto;\" srcset=\"https:\/\/josebrancofado.pt\/wp-content\/uploads\/2019\/10\/PM-300x298.jpg 300w, https:\/\/josebrancofado.pt\/wp-content\/uploads\/2019\/10\/PM-150x150.jpg 150w, https:\/\/josebrancofado.pt\/wp-content\/uploads\/2019\/10\/PM.jpg 395w\" sizes=\"(max-width: 300px) 100vw, 300px\" \/><\/div><\/div><div id=\"pgc-gb14-69e73b15ef812-11-1\"  class=\"panel-grid-cell\" ><div id=\"panel-gb14-69e73b15ef812-11-1-0\" class=\"so-panel widget widget_ink-audio panel-first-child panel-last-child\" data-index=\"21\" ><div\n\t\t\t\n\t\t\tclass=\"so-widget-ink-audio so-widget-ink-audio-audio-60a043cebe5f-14\"\n\t\t\t\n\t\t><div class=\"iw-so-audio\">\n\n\t\n\t\t<div class=\"iw-so-audio-hosted\" style=\"background-image: url( '' )\">\n\n\t\t\t<div class=\"iw-so-audio-file iw-so-player-dark\">\n\n\t\t\t\t<h4 class=\"iw-so-audio-title iw-text-left\">A morte saiu \u00e0 rua<\/h4>\n\n\t\t\t\t\n\t\t\t\t\t<p class=\"iw-so-audio-meta iw-text-left\">\n\t\t\t\t\t\t\t\t\t\t\t\t\t<span class=\"iw-so-audio-artist\">Pardalitos do Mondego<\/span>\n\t\t\t\t\t\t\t\t\t\t\t\t\t\t\t\t\t\t\t<span class=\"iw-so-audio-album\"> &#8211; Baladas para voz<\/span>\n\t\t\t\t\t\t\t\t\t\t\t<\/p>\n\n\t\t\t\t\n\t\t\t\t\t\t\t\t\t<audio class=\"wp-audio-shortcode\" id=\"audio-14-3\" preload=\"none\" style=\"width: 100%;\" controls=\"controls\"><source type=\"audio\/mpeg\" src=\"https:\/\/josebrancofado.pt\/wp-content\/uploads\/2019\/10\/08-Faixa-8.mp3?_=3\" \/><a href=\"https:\/\/josebrancofado.pt\/wp-content\/uploads\/2019\/10\/08-Faixa-8.mp3\">https:\/\/josebrancofado.pt\/wp-content\/uploads\/2019\/10\/08-Faixa-8.mp3<\/a><\/audio>\t\t\t\t\n\t\t\t<\/div>\n\n\t\t<\/div>\n\n\t\n<\/div>\n<\/div><\/div><\/div><\/div><div id=\"pg-gb14-69e73b15ef812-12\"  class=\"panel-grid panel-no-style\" ><div id=\"pgc-gb14-69e73b15ef812-12-0\"  class=\"panel-grid-cell\" ><div id=\"panel-gb14-69e73b15ef812-12-0-0\" class=\"so-panel widget widget_media_image panel-first-child panel-last-child\" data-index=\"22\" ><img loading=\"lazy\" decoding=\"async\" width=\"300\" height=\"298\" src=\"https:\/\/josebrancofado.pt\/wp-content\/uploads\/2019\/10\/PM-300x298.jpg\" class=\"image wp-image-510  attachment-medium size-medium\" alt=\"\" style=\"max-width: 100%; height: auto;\" srcset=\"https:\/\/josebrancofado.pt\/wp-content\/uploads\/2019\/10\/PM-300x298.jpg 300w, https:\/\/josebrancofado.pt\/wp-content\/uploads\/2019\/10\/PM-150x150.jpg 150w, https:\/\/josebrancofado.pt\/wp-content\/uploads\/2019\/10\/PM.jpg 395w\" sizes=\"(max-width: 300px) 100vw, 300px\" \/><\/div><\/div><div id=\"pgc-gb14-69e73b15ef812-12-1\"  class=\"panel-grid-cell\" ><div id=\"panel-gb14-69e73b15ef812-12-1-0\" class=\"so-panel widget widget_ink-audio panel-first-child panel-last-child\" data-index=\"23\" ><div\n\t\t\t\n\t\t\tclass=\"so-widget-ink-audio so-widget-ink-audio-audio-60a043cebe5f-14\"\n\t\t\t\n\t\t><div class=\"iw-so-audio\">\n\n\t\n\t\t<div class=\"iw-so-audio-hosted\" style=\"background-image: url( '' )\">\n\n\t\t\t<div class=\"iw-so-audio-file iw-so-player-dark\">\n\n\t\t\t\t<h4 class=\"iw-so-audio-title iw-text-left\">Sangue novo<\/h4>\n\n\t\t\t\t\n\t\t\t\t\t<p class=\"iw-so-audio-meta iw-text-left\">\n\t\t\t\t\t\t\t\t\t\t\t\t\t<span class=\"iw-so-audio-artist\">Pardalitos do Mondego<\/span>\n\t\t\t\t\t\t\t\t\t\t\t\t\t\t\t\t\t\t\t<span class=\"iw-so-audio-album\"> &#8211; Baladas para voz<\/span>\n\t\t\t\t\t\t\t\t\t\t\t<\/p>\n\n\t\t\t\t\n\t\t\t\t\t\t\t\t\t<audio class=\"wp-audio-shortcode\" id=\"audio-14-4\" preload=\"none\" style=\"width: 100%;\" controls=\"controls\"><source type=\"audio\/mpeg\" src=\"https:\/\/josebrancofado.pt\/wp-content\/uploads\/2019\/10\/11-Faixa-11.mp3?_=4\" \/><a href=\"https:\/\/josebrancofado.pt\/wp-content\/uploads\/2019\/10\/11-Faixa-11.mp3\">https:\/\/josebrancofado.pt\/wp-content\/uploads\/2019\/10\/11-Faixa-11.mp3<\/a><\/audio>\t\t\t\t\n\t\t\t<\/div>\n\n\t\t<\/div>\n\n\t\n<\/div>\n<\/div><\/div><\/div><\/div><div id=\"pg-gb14-69e73b15ef812-13\"  class=\"panel-grid panel-no-style\" ><div id=\"pgc-gb14-69e73b15ef812-13-0\"  class=\"panel-grid-cell\" ><div id=\"panel-gb14-69e73b15ef812-13-0-0\" class=\"so-panel widget widget_media_image panel-first-child panel-last-child\" data-index=\"24\" ><img loading=\"lazy\" decoding=\"async\" width=\"300\" height=\"300\" src=\"https:\/\/josebrancofado.pt\/wp-content\/uploads\/2019\/10\/34a6d61ed8c833afc26d0c7b2baadd7d82d31616-300x300.jpg\" class=\"image wp-image-289  attachment-medium size-medium\" alt=\"Fado de Coimbra | Fados &amp; Guitarradas | Fado ao Centro\" style=\"max-width: 100%; height: auto;\" srcset=\"https:\/\/josebrancofado.pt\/wp-content\/uploads\/2019\/10\/34a6d61ed8c833afc26d0c7b2baadd7d82d31616-300x300.jpg 300w, https:\/\/josebrancofado.pt\/wp-content\/uploads\/2019\/10\/34a6d61ed8c833afc26d0c7b2baadd7d82d31616-150x150.jpg 150w, https:\/\/josebrancofado.pt\/wp-content\/uploads\/2019\/10\/34a6d61ed8c833afc26d0c7b2baadd7d82d31616.jpg 640w\" sizes=\"(max-width: 300px) 100vw, 300px\" \/><\/div><\/div><div id=\"pgc-gb14-69e73b15ef812-13-1\"  class=\"panel-grid-cell\" ><div id=\"panel-gb14-69e73b15ef812-13-1-0\" class=\"so-panel widget widget_ink-audio panel-first-child panel-last-child\" data-index=\"25\" ><div\n\t\t\t\n\t\t\tclass=\"so-widget-ink-audio so-widget-ink-audio-audio-60a043cebe5f-14\"\n\t\t\t\n\t\t><div class=\"iw-so-audio\">\n\n\t\n\t\t<div class=\"iw-so-audio-hosted\" style=\"background-image: url( '' )\">\n\n\t\t\t<div class=\"iw-so-audio-file iw-so-player-dark\">\n\n\t\t\t\t<h4 class=\"iw-so-audio-title iw-text-left\">Feiticeira<\/h4>\n\n\t\t\t\t\n\t\t\t\t\t<p class=\"iw-so-audio-meta iw-text-left\">\n\t\t\t\t\t\t\t\t\t\t\t\t\t<span class=\"iw-so-audio-artist\">Fado ao Centro<\/span>\n\t\t\t\t\t\t\t\t\t\t\t\t\t\t\t\t\t\t\t<span class=\"iw-so-audio-album\"> &#8211; Fado de Coimbra: Fados E Guitarradas \u00b7 Vol. 2<\/span>\n\t\t\t\t\t\t\t\t\t\t\t<\/p>\n\n\t\t\t\t\n\t\t\t\t\t\t\t\t\t<audio class=\"wp-audio-shortcode\" id=\"audio-14-5\" preload=\"none\" style=\"width: 100%;\" controls=\"controls\"><source type=\"audio\/mpeg\" src=\"https:\/\/josebrancofado.pt\/wp-content\/uploads\/2019\/10\/Feiticeira.mp3?_=5\" \/><a href=\"https:\/\/josebrancofado.pt\/wp-content\/uploads\/2019\/10\/Feiticeira.mp3\">https:\/\/josebrancofado.pt\/wp-content\/uploads\/2019\/10\/Feiticeira.mp3<\/a><\/audio>\t\t\t\t\n\t\t\t<\/div>\n\n\t\t<\/div>\n\n\t\n<\/div>\n<\/div><\/div><\/div><\/div><\/div>","protected":false},"excerpt":{"rendered":"<p>A maioria dos v\u00eddeos aqui partilhados foram recolhidos em espect\u00e1culos ao vivo e gentilmente cedidos pelo p\u00fablico. Desta forma, s\u00e3o v\u00eddeos amadores, n\u00e3o editados, e com limita\u00e7\u00f5es ac\u00fasticas. Obrigado pela vossa compreens\u00e3o<\/p>\n","protected":false},"author":1,"featured_media":0,"parent":0,"menu_order":0,"comment_status":"closed","ping_status":"closed","template":"page-templates\/page-builder.php","meta":{"footnotes":""},"_links":{"self":[{"href":"https:\/\/josebrancofado.pt\/index.php\/wp-json\/wp\/v2\/pages\/14"}],"collection":[{"href":"https:\/\/josebrancofado.pt\/index.php\/wp-json\/wp\/v2\/pages"}],"about":[{"href":"https:\/\/josebrancofado.pt\/index.php\/wp-json\/wp\/v2\/types\/page"}],"author":[{"embeddable":true,"href":"https:\/\/josebrancofado.pt\/index.php\/wp-json\/wp\/v2\/users\/1"}],"replies":[{"embeddable":true,"href":"https:\/\/josebrancofado.pt\/index.php\/wp-json\/wp\/v2\/comments?post=14"}],"version-history":[{"count":48,"href":"https:\/\/josebrancofado.pt\/index.php\/wp-json\/wp\/v2\/pages\/14\/revisions"}],"predecessor-version":[{"id":602,"href":"https:\/\/josebrancofado.pt\/index.php\/wp-json\/wp\/v2\/pages\/14\/revisions\/602"}],"wp:attachment":[{"href":"https:\/\/josebrancofado.pt\/index.php\/wp-json\/wp\/v2\/media?parent=14"}],"curies":[{"name":"wp","href":"https:\/\/api.w.org\/{rel}","templated":true}]}}